{"id":3504,"date":"2025-09-04T17:10:01","date_gmt":"2025-09-04T17:10:01","guid":{"rendered":"https:\/\/noticiasmexi.co\/?page_id=3504"},"modified":"2025-09-04T17:17:59","modified_gmt":"2025-09-04T17:17:59","slug":"quienes-somos","status":"publish","type":"page","link":"https:\/\/noticiasmexi.co\/index.php\/quienes-somos\/","title":{"rendered":"\u00bfQui\u00e9nes Somos?"},"content":{"rendered":"\t\t<div data-elementor-type=\"wp-page\" data-elementor-id=\"3504\" class=\"elementor elementor-3504\">\n\t\t\t\t<div class=\"elementor-element elementor-element-0b4b638 e-flex e-con-boxed e-con e-parent\" data-id=\"0b4b638\" data-element_type=\"container\">\n\t\t\t\t\t<div class=\"e-con-inner\">\n\t\t<div class=\"elementor-element elementor-element-6ec8eb6 e-con-full e-flex e-con e-child\" data-id=\"6ec8eb6\" data-element_type=\"container\">\n\t\t\t\t<div class=\"elementor-element elementor-element-ee77ffd elementor-widget elementor-widget-heading\" data-id=\"ee77ffd\" data-element_type=\"widget\" data-widget_type=\"heading.default\">\n\t\t\t\t<div class=\"elementor-widget-container\">\n\t\t\t\t\t<h2 class=\"elementor-heading-title elementor-size-default\">\u00bfQui\u00e9nes Somos?<\/h2>\t\t\t\t<\/div>\n\t\t\t\t<\/div>\n\t\t\t\t<div class=\"elementor-element elementor-element-5768d11 elementor-widget elementor-widget-text-editor\" data-id=\"5768d11\" data-element_type=\"widget\" data-widget_type=\"text-editor.default\">\n\t\t\t\t<div class=\"elementor-widget-container\">\n\t\t\t\t\t\t\t\t\t<p>Noticiasmexi.co es el punto medio en un pa\u00eds de extremos. Un espacio donde convergen distintas perspectivas para entender mejor el M\u00e9xico de hoy.<br \/><strong>Somos parte de Medios Digitales Nacionales<\/strong>, una red que promueve el pensamiento cr\u00edtico y la informaci\u00f3n balanceada.<\/p>\t\t\t\t\t\t\t\t<\/div>\n\t\t\t\t<\/div>\n\t\t\t\t<\/div>\n\t\t<div class=\"elementor-element elementor-element-ac7fcf9 e-con-full e-flex e-con e-child\" data-id=\"ac7fcf9\" data-element_type=\"container\">\n\t\t\t\t<div class=\"elementor-element elementor-element-6b9a52e elementor-widget elementor-widget-image\" data-id=\"6b9a52e\" data-element_type=\"widget\" data-widget_type=\"image.default\">\n\t\t\t\t<div class=\"elementor-widget-container\">\n\t\t\t\t\t\t\t\t\t\t\t\t\t\t\t<img fetchpriority=\"high\" decoding=\"async\" width=\"500\" height=\"500\" src=\"https:\/\/noticiasmexi.co\/wp-content\/uploads\/2025\/09\/Noticias-mexico-1.png\" class=\"attachment-large size-large wp-image-3506\" alt=\"\" srcset=\"https:\/\/noticiasmexi.co\/wp-content\/uploads\/2025\/09\/Noticias-mexico-1.png 500w, https:\/\/noticiasmexi.co\/wp-content\/uploads\/2025\/09\/Noticias-mexico-1-300x300.png 300w, https:\/\/noticiasmexi.co\/wp-content\/uploads\/2025\/09\/Noticias-mexico-1-150x150.png 150w, https:\/\/noticiasmexi.co\/wp-content\/uploads\/2025\/09\/Noticias-mexico-1-96x96.png 96w, https:\/\/noticiasmexi.co\/wp-content\/uploads\/2025\/09\/Noticias-mexico-1-100x100.png 100w\" sizes=\"(max-width: 500px) 100vw, 500px\" \/>\t\t\t\t\t\t\t\t\t\t\t\t\t\t\t<\/div>\n\t\t\t\t<\/div>\n\t\t\t\t<\/div>\n\t\t\t\t\t<\/div>\n\t\t\t\t<\/div>\n\t\t\t\t<\/div>\n\t\t","protected":false},"excerpt":{"rendered":"<p>\u00bfQui\u00e9nes Somos? Noticiasmexi.co es el punto medio en un pa\u00eds de extremos. Un espacio donde convergen distintas perspectivas para entender mejor el M\u00e9xico de hoy.Somos parte de Medios Digitales Nacionales, una red que promueve el pensamiento cr\u00edtico y la informaci\u00f3n balanceada.<\/p>\n","protected":false},"author":1,"featured_media":0,"parent":0,"menu_order":0,"comment_status":"closed","ping_status":"closed","template":"","meta":{"footnotes":""},"class_list":["post-3504","page","type-page","status-publish","hentry"],"amp_enabled":true,"_links":{"self":[{"href":"https:\/\/noticiasmexi.co\/index.php\/wp-json\/wp\/v2\/pages\/3504","targetHints":{"allow":["GET"]}}],"collection":[{"href":"https:\/\/noticiasmexi.co\/index.php\/wp-json\/wp\/v2\/pages"}],"about":[{"href":"https:\/\/noticiasmexi.co\/index.php\/wp-json\/wp\/v2\/types\/page"}],"author":[{"embeddable":true,"href":"https:\/\/noticiasmexi.co\/index.php\/wp-json\/wp\/v2\/users\/1"}],"replies":[{"embeddable":true,"href":"https:\/\/noticiasmexi.co\/index.php\/wp-json\/wp\/v2\/comments?post=3504"}],"version-history":[{"count":4,"href":"https:\/\/noticiasmexi.co\/index.php\/wp-json\/wp\/v2\/pages\/3504\/revisions"}],"predecessor-version":[{"id":3510,"href":"https:\/\/noticiasmexi.co\/index.php\/wp-json\/wp\/v2\/pages\/3504\/revisions\/3510"}],"wp:attachment":[{"href":"https:\/\/noticiasmexi.co\/index.php\/wp-json\/wp\/v2\/media?parent=3504"}],"curies":[{"name":"wp","href":"https:\/\/api.w.org\/{rel}","templated":true}]}}